{"id":267,"date":"2022-03-01T00:00:24","date_gmt":"2022-03-01T03:00:24","guid":{"rendered":"http:\/\/www.igrejametodista.net\/vilajardim\/?page_id=267"},"modified":"2022-03-29T15:34:01","modified_gmt":"2022-03-29T18:34:01","slug":"contato","status":"publish","type":"page","link":"http:\/\/www.catway.com.br\/?page_id=267","title":{"rendered":"Contato"},"content":{"rendered":"<div role=\"form\" class=\"wpcf7\" id=\"wpcf7-f950-o1\" lang=\"en-US\" dir=\"ltr\">\n<div class=\"screen-reader-response\"><p role=\"status\" aria-live=\"polite\" aria-atomic=\"true\"><\/p> <ul><\/ul><\/div>\n<form action=\"\/index.php?rest_route=%2Fwp%2Fv2%2Fpages%2F267#wpcf7-f950-o1\" method=\"post\" class=\"wpcf7-form init\" novalidate=\"novalidate\" data-status=\"init\">\n<div style=\"display: none;\">\n<input type=\"hidden\" name=\"_wpcf7\" value=\"950\" \/>\n<input type=\"hidden\" name=\"_wpcf7_version\" value=\"5.5.6.1\" \/>\n<input type=\"hidden\" name=\"_wpcf7_locale\" value=\"en_US\" \/>\n<input type=\"hidden\" name=\"_wpcf7_unit_tag\" value=\"wpcf7-f950-o1\" \/>\n<input type=\"hidden\" name=\"_wpcf7_container_post\" value=\"0\" \/>\n<input type=\"hidden\" name=\"_wpcf7_posted_data_hash\" value=\"\" \/>\n<\/div>\n<p>Bem-vindo ao Gatil Catway!<\/p>\n<p>Para entrar em contato conosco utilize o telefone, e-mail ou envie sua mensagem atrav\u00e9s do formul\u00e1rio eletr\u00f4nico abaixo.<\/p>\n<p><b>Gatil Catway<br \/> <\/b><br \/>\nFone: (51) 99972.4642 (WhatsApp) \/  Fixo (51) 3315.4981 <br \/>\nE-mail: catway@catway.com.br <\/p>\n<p>Nome (obrigat\u00f3rio): <span class=\"wpcf7-form-control-wrap your-name\"><input type=\"text\" name=\"your-name\" value=\"\" size=\"40\" class=\"wpcf7-form-control wpcf7-text wpcf7-validates-as-required\" aria-required=\"true\" aria-invalid=\"false\" \/><\/span> <\/p>\n<p>E-mail (obrigat\u00f3rio): <span class=\"wpcf7-form-control-wrap your-email\"><input type=\"email\" name=\"your-email\" value=\"\" size=\"40\" class=\"wpcf7-form-control wpcf7-text wpcf7-email wpcf7-validates-as-required wpcf7-validates-as-email\" aria-required=\"true\" aria-invalid=\"false\" \/><\/span> <\/p>\n<p>Telefones: <span class=\"wpcf7-form-control-wrap telefone\"><input type=\"text\" name=\"telefone\" value=\"\" size=\"40\" class=\"wpcf7-form-control wpcf7-text\" aria-invalid=\"false\" \/><\/span> <\/p>\n<p>Assunto (obrigat\u00f3rio): <span class=\"wpcf7-form-control-wrap your-subject\"><input type=\"text\" name=\"your-subject\" value=\"\" size=\"40\" class=\"wpcf7-form-control wpcf7-text wpcf7-validates-as-required\" aria-required=\"true\" aria-invalid=\"false\" \/><\/span> <\/p>\n<p>Sua mensagem<br \/>\n    <span class=\"wpcf7-form-control-wrap your-message\"><textarea name=\"your-message\" cols=\"40\" rows=\"10\" class=\"wpcf7-form-control wpcf7-textarea\" aria-invalid=\"false\"><\/textarea><\/span> <\/label><\/p>\n<p><span class=\"wpcf7-form-control-wrap opcoes\"><span class=\"wpcf7-form-control wpcf7-checkbox\"><span class=\"wpcf7-list-item first\"><label><input type=\"checkbox\" name=\"opcoes[]\" value=\"Aceito receber o contato do Gatil Catway\" \/><span class=\"wpcf7-list-item-label\">Aceito receber o contato do Gatil Catway<\/span><\/label><\/span><span class=\"wpcf7-list-item last\"><label><input type=\"checkbox\" name=\"opcoes[]\" value=\"Aceito receber mensagens do Gatil Catway\" \/><span class=\"wpcf7-list-item-label\">Aceito receber mensagens do Gatil Catway<\/span><\/label><\/span><\/span><\/span>  <\/p>\n<p><input type=\"submit\" value=\"----- Enviar -----\" class=\"wpcf7-form-control has-spinner wpcf7-submit\" \/><\/p>\n<p><\/p>\n<div class=\"wpcf7-response-output\" aria-hidden=\"true\"><\/div><\/form><\/div>\n","protected":false},"excerpt":{"rendered":"","protected":false},"author":1,"featured_media":0,"parent":0,"menu_order":0,"comment_status":"closed","ping_status":"closed","template":"","meta":{"_et_pb_use_builder":"off","_et_pb_old_content":"[contact-form-7 id=\"950\" title=\"Contato\"]","_et_gb_content_width":"960"},"_links":{"self":[{"href":"http:\/\/www.catway.com.br\/index.php?rest_route=\/wp\/v2\/pages\/267"}],"collection":[{"href":"http:\/\/www.catway.com.br\/index.php?rest_route=\/wp\/v2\/pages"}],"about":[{"href":"http:\/\/www.catway.com.br\/index.php?rest_route=\/wp\/v2\/types\/page"}],"author":[{"embeddable":true,"href":"http:\/\/www.catway.com.br\/index.php?rest_route=\/wp\/v2\/users\/1"}],"replies":[{"embeddable":true,"href":"http:\/\/www.catway.com.br\/index.php?rest_route=%2Fwp%2Fv2%2Fcomments&post=267"}],"version-history":[{"count":2,"href":"http:\/\/www.catway.com.br\/index.php?rest_route=\/wp\/v2\/pages\/267\/revisions"}],"predecessor-version":[{"id":3590,"href":"http:\/\/www.catway.com.br\/index.php?rest_route=\/wp\/v2\/pages\/267\/revisions\/3590"}],"wp:attachment":[{"href":"http:\/\/www.catway.com.br\/index.php?rest_route=%2Fwp%2Fv2%2Fmedia&parent=267"}],"curies":[{"name":"wp","href":"https:\/\/api.w.org\/{rel}","templated":true}]}}